{"id":61,"date":"2020-08-14T02:53:15","date_gmt":"2020-08-14T00:53:15","guid":{"rendered":"http:\/\/2hconsultantsas.com\/?page_id=61"},"modified":"2021-01-10T03:52:29","modified_gmt":"2021-01-10T02:52:29","slug":"le-partenaire-de-votre-reussite","status":"publish","type":"page","link":"https:\/\/2hconsultantsas.com\/","title":{"rendered":"Le partenaire de votre r\u00e9ussite"},"content":{"rendered":"\n<h3 class=\"has-text-align-center\" id=\"objectifs\"><span class=\"has-inline-color has-vivid-cyan-blue-color\">OSEZ L&#8217;ESSENTIEL&#8230;<\/span><\/h3>\n\n\n\n<br><br><br>\n\n\n\n<div class=\"wp-block-buttons aligncenter\">\n<div class=\"wp-block-button is-style-outline\"><a class=\"wp-block-button__link\"><strong>Vos objectifs<\/strong><\/a><\/div>\n<\/div>\n\n\n\n<p class=\"has-text-align-center\"><img loading=\"lazy\" width=\"192\" height=\"115\" class=\"wp-image-89\" style=\"width: 150px;\" src=\"http:\/\/2hconsultantsas.com\/wp-content\/uploads\/2020\/11\/imCleSucces.png\" alt=\"\"><\/p>\n\n\n\n<p><br><br><\/p>\n\n\n\n<h4 class=\"has-text-align-center has-large-font-size\"><strong>Vous souhaitez<\/strong><\/h4>\n\n\n\n<p><br><br><\/p>\n\n\n\n<div class=\"wp-block-group\"><div class=\"wp-block-group__inner-container\">\n<p class=\"has-medium-font-size\">Identifier les freins au d\u00e9veloppement<br><br><br>Am\u00e9liorer la strat\u00e9gie de votre entreprise<\/p>\n\n\n\n<br> <br> <br>\n\n\n\n<p class=\"has-medium-font-size\">Atteindre vos objectifs                                 <img loading=\"lazy\" width=\"183\" height=\"275\" class=\"wp-image-90\" style=\"width: 100px;\" src=\"http:\/\/2hconsultantsas.com\/wp-content\/uploads\/2020\/11\/echiquier.jpg\" alt=\"\"><\/p>\n\n\n\n<br> <br> <br>\n\n\n\n<p class=\"has-medium-font-size\">Rechercher un meilleur positionnement sur le march\u00e9<\/p>\n\n\n\n<br><br><br>\n<\/div><\/div>\n\n\n\n<h3 class=\"has-text-align-center\" id=\"defis\"><span class=\"has-inline-color has-vivid-cyan-blue-color\">NOUS VIVONS VOS ATTENTES, NOUS PARTAGEONS VOS SUCCES<\/span><\/h3>\n\n\n\n<p><br><br><\/p>\n\n\n\n<p><br><br><\/p>\n\n\n\n<div class=\"wp-block-buttons aligncenter\">\n<div class=\"wp-block-button is-style-outline\"><a class=\"wp-block-button__link\"><strong>Nos d\u00e9fis<\/strong><\/a><\/div>\n<\/div>\n\n\n\n<p>                                              <img loading=\"lazy\" width=\"357\" height=\"236\" class=\"wp-image-91\" style=\"width: 150px;\" src=\"http:\/\/2hconsultantsas.com\/wp-content\/uploads\/2020\/11\/fleche.jpg\" alt=\"\" srcset=\"https:\/\/2hconsultantsas.com\/wp-content\/uploads\/2020\/11\/fleche.jpg 357w, https:\/\/2hconsultantsas.com\/wp-content\/uploads\/2020\/11\/fleche-300x198.jpg 300w\" sizes=\"(max-width: 357px) 100vw, 357px\" \/><\/p>\n\n\n\n<p><br><br><br><\/p>\n\n\n\n<p class=\"has-medium-font-size\">Etre \u00e0 votre \u00e9coute pour vous proposer des solutions sur mesure   <\/p>\n\n\n\n<p><br><br><\/p>\n\n\n\n<p class=\"has-medium-font-size\">Susciter les actions collectives de progr\u00e8s<\/p>\n\n\n\n<p><br><br><\/p>\n\n\n\n<p class=\"has-medium-font-size\">Relever les challenges pour innover<\/p>\n\n\n\n<br><br><br>\n\n\n\n<p class=\"has-medium-font-size\">Donner \u00e0 chacun sa place dans la d\u00e9marche projet<\/p>\n\n\n\n<p><\/p>\n\n\n\n<br><br><br>\n\n\n\n\n\n<h3 class=\"has-text-align-center has-vivid-cyan-blue-color has-text-color\" id=\"valeurs\">NOTRE ENGAGEMENT POUR REUSSIR ENSEMBLE<\/h3>\n\n\n\n<p><br><br><\/p>\n\n\n\n<div class=\"wp-block-buttons aligncenter\">\n<div class=\"wp-block-button is-style-outline\"><a class=\"wp-block-button__link\"><strong>Nos valeurs<\/strong><\/a><\/div>\n<\/div>\n\n\n\n<p><br><br>                                                <img loading=\"lazy\" width=\"259\" height=\"194\" class=\"wp-image-92\" style=\"width: 300px;\" src=\"http:\/\/2hconsultantsas.com\/wp-content\/uploads\/2020\/11\/nosValeurs.jpg\" alt=\"\"><\/p>\n\n\n\n<br><br><br>\n\n\n\n<p class=\"has-medium-font-size\">Respecter l&#8217;engagement qui nous lie<\/p>\n\n\n\n<p><br><br><\/p>\n\n\n\n<p class=\"has-medium-font-size\">Privil\u00e9gier la qualit\u00e9 et la confiance<\/p>\n\n\n\n<p><br><br><\/p>\n\n\n\n<p class=\"has-medium-font-size\">Honorer rigueur, d\u00e9ontologie et confidentialit\u00e9<\/p>\n\n\n\n<p><br><br><\/p>\n\n\n\n<p class=\"has-medium-font-size\">D\u00e9velopper l&#8217;esprit d&#8217;\u00e9quipe<\/p>\n\n\n\n<br> <br> <br>\n\n\n\n<p><\/p>\n\n\n\n<p><\/p>\n\n\n\n<p><\/p>\n\n\n\n<h3 class=\"has-text-align-center has-vivid-cyan-blue-color has-text-color\" id=\"savoirfaire\">LA RIGUEUR EST NOTRE METHODE<\/h3>\n\n\n\n<p><br><br><\/p>\n\n\n\n<div class=\"wp-block-buttons aligncenter\">\n<div class=\"wp-block-button is-style-outline\"><a class=\"wp-block-button__link\"><strong>Notre savoir-faire<\/strong><\/a><\/div>\n<\/div>\n\n\n\n<p><br>                                                       <img loading=\"lazy\" width=\"244\" height=\"207\" class=\"wp-image-93\" style=\"width: 150px;\" src=\"http:\/\/2hconsultantsas.com\/wp-content\/uploads\/2020\/11\/notresavoirFaire.jpg\" alt=\"\"><\/p>\n\n\n\n<br> <br> <br>\n\n\n\n<p class=\"has-medium-font-size\"><strong>Notre \u00e9quipe<\/strong><\/p>\n\n\n\n<p><br><br><br><\/p>\n\n\n\n<p class=\"has-medium-font-size\">Une \u00e9quipe pluridisciplinaire comp\u00e9tente et dynamique<\/p>\n\n\n\n<p><br><br><\/p>\n\n\n\n<p class=\"has-medium-font-size\">Une solide exp\u00e9rience du terrain<\/p>\n\n\n\n<p><br><br><\/p>\n\n\n\n<p class=\"has-medium-font-size\">Une m\u00e9thodologie et un accompagnement personnalis\u00e9s<\/p>\n\n\n\n<br> <br> <br>\n\n\n\n<p class=\"has-medium-font-size\"><strong>Nos comp\u00e9tences<\/strong><\/p>\n\n\n\n<br><br><br>\n\n\n\n<p class=\"has-medium-font-size\">Conseil en strat\u00e9gie<\/p>\n\n\n\n<p><br><br><\/p>\n\n\n\n<p class=\"has-medium-font-size\">Etudes et enqu\u00eates statistiques, sondages<\/p>\n\n\n\n<p><br><br><\/p>\n\n\n\n<p class=\"has-medium-font-size\">Conseil, formation et accompagnement \u00e0 la mise en \u0153uvre des syst\u00e8mes d&#8217;information<\/p>\n\n\n\n<br> <br>  <br>\n\n\n\n<h2 class=\"has-text-align-center\" id=\"contact\" style=\"font-size:22px\"><span style=\"color:#0693e3\" class=\"tadv-color\">UNE CONFIANCE RECIPROQUE <\/span><\/h2>\n\n\n\n<h2 class=\"has-text-align-center\" id=\"contact\" style=\"font-size:22px\"><span style=\"color:#0693e3\" class=\"tadv-color\">POUR UNE DEMARCHE PARTAGEE <\/span><\/h2>\n\n\n\n<p><\/p>\n\n\n\n<br> <br> <br>\n\n\n\n<p><\/p>\n\n\n\n<div class=\"wp-block-buttons aligncenter\">\n<div class=\"wp-block-button is-style-outline\"><a class=\"wp-block-button__link has-black-color has-text-color\"><strong>Nous contacter<\/strong><\/a><\/div>\n<\/div>\n\n\n\n<p class=\"has-text-align-center has-vivid-cyan-blue-color has-text-color has-medium-font-size\"> <\/p>\n\n\n\n<br> <br> <br>\n\n\n\n<figure class=\"wp-block-image size-large is-resized\"><img loading=\"lazy\" src=\"http:\/\/2hconsultantsas.com\/wp-content\/uploads\/2020\/11\/confianceReciproque.jpg\" alt=\"\" class=\"wp-image-98\" width=\"141\" height=\"94\" srcset=\"https:\/\/2hconsultantsas.com\/wp-content\/uploads\/2020\/11\/confianceReciproque.jpg 411w, https:\/\/2hconsultantsas.com\/wp-content\/uploads\/2020\/11\/confianceReciproque-300x199.jpg 300w\" sizes=\"(max-width: 141px) 100vw, 141px\" \/><\/figure>\n\n\n\n<br> <br> <br>\n\n\n\n<p><\/p>\n\n\n\n<p><\/p>\n\n\n\n<p><\/p>\n\n\n\n<p class=\"has-medium-font-size\"><strong>Confiez-nous vos projets<\/strong><\/p>\n\n\n\n<p class=\"has-vivid-cyan-blue-color has-text-color has-medium-font-size\">Mail : 2hecs97@gmail.com<\/p>\n\n\n\n<p><\/p>\n\n\n\n<p><\/p>\n","protected":false},"excerpt":{"rendered":"<p>OSEZ L&#8217;ESSENTIEL&#8230; Vous souhaitez NOUS VIVONS VOS ATTENTES, NOUS PARTAGEONS VOS SUCCES Etre \u00e0 votre \u00e9coute pour vous proposer des solutions sur mesure Susciter les actions collectives de progr\u00e8s Relever les challenges pour innover Donner \u00e0 chacun sa place dans la d\u00e9marche projet NOTRE ENGAGEMENT POUR REUSSIR ENSEMBLE Respecter l&#8217;engagement qui nous lie Privil\u00e9gier la [&hellip;]<\/p>\n","protected":false},"author":1,"featured_media":0,"parent":0,"menu_order":0,"comment_status":"closed","ping_status":"closed","template":"","meta":[],"_links":{"self":[{"href":"https:\/\/2hconsultantsas.com\/index.php\/wp-json\/wp\/v2\/pages\/61"}],"collection":[{"href":"https:\/\/2hconsultantsas.com\/index.php\/wp-json\/wp\/v2\/pages"}],"about":[{"href":"https:\/\/2hconsultantsas.com\/index.php\/wp-json\/wp\/v2\/types\/page"}],"author":[{"embeddable":true,"href":"https:\/\/2hconsultantsas.com\/index.php\/wp-json\/wp\/v2\/users\/1"}],"replies":[{"embeddable":true,"href":"https:\/\/2hconsultantsas.com\/index.php\/wp-json\/wp\/v2\/comments?post=61"}],"version-history":[{"count":42,"href":"https:\/\/2hconsultantsas.com\/index.php\/wp-json\/wp\/v2\/pages\/61\/revisions"}],"predecessor-version":[{"id":143,"href":"https:\/\/2hconsultantsas.com\/index.php\/wp-json\/wp\/v2\/pages\/61\/revisions\/143"}],"wp:attachment":[{"href":"https:\/\/2hconsultantsas.com\/index.php\/wp-json\/wp\/v2\/media?parent=61"}],"curies":[{"name":"wp","href":"https:\/\/api.w.org\/{rel}","templated":true}]}}